{"id":448,"date":"2021-09-01T09:19:02","date_gmt":"2021-09-01T07:19:02","guid":{"rendered":"https:\/\/www.agricolalusiatreviso.it\/privacy-policy\/"},"modified":"2024-06-24T17:22:57","modified_gmt":"2024-06-24T15:22:57","slug":"privacy-policy","status":"publish","type":"page","link":"https:\/\/www.agricolalusiatreviso.it\/es\/privacy-policy\/","title":{"rendered":"Pol\u00edtica de privacidad y gesti\u00f3n de cookies"},"content":{"rendered":"\n<p>Le proporcionamos esta informaci\u00f3n para cumplir nuestro compromiso de notificarle los cambios recientes en la legislaci\u00f3n y ofrecerle claridad con respecto a la privacidad en nuestro sitio web.<\/p>\n\n\n\n<p>Nuestro sitio web utiliza <em>cookies<\/em> y archivos similares a estas. Las <em>cookies<\/em> realizan diferentes tareas: permiten navegar eficazmente entre p\u00e1ginas, recordar sus preferencias y mejorar la experiencia en l\u00ednea. Tambi\u00e9n pueden ser utilizadas para mostrar ofertas espec\u00edficas en funci\u00f3n de sus intereses.<\/p>\n\n\n\n<p>Para optimizar el uso del sitio web y la plena funcionalidad del proceso de compra por internet y de las funciones personalizadas, debe aceptar las <em>cookies<\/em> en su ordenador, tableta o dispositivo m\u00f3vil.<\/p>\n\n\n\n<p>Nuestra pol\u00edtica sobre el uso de <em>cookies<\/em> proporciona informaci\u00f3n sobre el tipo de <em>cookies<\/em> utilizadas y c\u00f3mo se gestionan, controlan y eliminan.<\/p>\n\n\n\n<h3 class=\"wp-block-heading\"><strong>\u00bfQu\u00e9 son las <em>cookies<\/em>?<\/strong><\/h3>\n\n\n\n<p>Las <em>cookies<\/em> son peque\u00f1os archivos de datos que suelen incluir un n\u00famero de identificaci\u00f3n \u00fanico que se env\u00eda y almacena en el ordenador del usuario durante su visita a determinados sitios web. Las <em>cookies<\/em> son elementos de identificaci\u00f3n alfanum\u00e9ricos creados por el navegador a petici\u00f3n nuestra que se almacenan en el ordenador del usuario. Las <em>cookies<\/em> son \u00fatiles porque permiten que un sitio web reconozca el dispositivo del usuario.<\/p>\n\n\n\n<p>La mayor\u00eda de los sitios web utilizan <em>cookies<\/em>.<\/p>\n\n\n\n<h3 class=\"wp-block-heading\"><strong>\u00bfC\u00f3mo utilizamos las <em>cookies<\/em>?<\/strong><\/h3>\n\n\n\n<p>Las <em>cookies<\/em> no da\u00f1an su dispositivo. Normalmente no almacenamos informaci\u00f3n personal o confidencial en las <em>cookies<\/em>. Cuando lo hacemos, obtenemos estos datos directamente de usted, por ejemplo, a trav\u00e9s de la informaci\u00f3n que ha proporcionado en nuestra p\u00e1gina web, y los utilizamos \u00fanicamente para los fines establecidos en nuestra pol\u00edtica de <em>cookies<\/em> y privacidad. Todos los datos recopilados mediante las <em>cookies<\/em> se almacenan de forma segura.<\/p>\n\n\n\n<p>Adem\u00e1s, colaboramos con empresas seleccionadas que, a su vez, pueden enviar <em>cookies<\/em> durante su visita a nuestro sitio web. Utilizan esta informaci\u00f3n para mostrar ofertas de productos y servicios de posible inter\u00e9s. Tambi\u00e9n pueden utilizar las <em>cookies<\/em> para hacer un seguimiento de la respuesta a sus campa\u00f1as publicitarias con el fin de evaluar su eficacia o conceder incentivos o puntos a quienes respondan positivamente.<\/p>\n\n\n\n<p>Es importante se\u00f1alar que no tenemos acceso ni control sobre las <em>cookies<\/em> utilizadas por nuestras empresas colaboradoras. No compartimos ninguno de los datos personales que recopilamos con estas empresas, como nombres, n\u00fameros de tel\u00e9fono o direcciones, salvo en los casos que se contemplan en nuestra pol\u00edtica de privacidad.<\/p>\n\n\n\n<h3 class=\"wp-block-heading\"><strong><em>Cookies<\/em><\/strong><strong> utilizadas en nuestro sitio web<\/strong><\/h3>\n\n\n\n<p>Para aprovechar al m\u00e1ximo las funciones de nuestro sitio web, debe aceptar las <em>cookies<\/em> en su ordenador o dispositivo m\u00f3vil.<\/p>\n\n\n\n<p>De lo contrario, nuestro sitio web no funcionar\u00e1 correctamente. Si prefiere modificar o eliminar las <em>cookies<\/em> de nuestro sitio web o de cualquier otro, consulte nuestra secci\u00f3n Gesti\u00f3n de las <em>cookies<\/em>.<\/p>\n\n\n\n<p>A continuaci\u00f3n figura una lista de las <em>cookies<\/em> utilizadas por nuestro sitio web.<\/p>\n\n\n\n<h4 class=\"wp-block-heading\"><strong>1 - <em>Cookies<\/em> esenciales para el funcionamiento del sitio web<\/strong><\/h4>\n\n\n\n<p>Nuestros sitios web utilizan <em>cookies<\/em> t\u00e9cnicas de sesi\u00f3n y no persistentes para ofrecer un servicio m\u00e1s eficaz a los usuarios. El uso de estas <em>cookies<\/em> se limita estrictamente a la transmisi\u00f3n de identificadores de sesi\u00f3n (formados por n\u00fameros aleatorios generados por el servidor) necesarios para permitir la plena prestaci\u00f3n de los servicios y funciones del sitio web. Las <em>cookies<\/em> utilizadas en el sitio web evitan el uso de otras t\u00e9cnicas inform\u00e1ticas potencialmente perjudiciales para la confidencialidad de la navegaci\u00f3n de los usuarios y evitan la adquisici\u00f3n de datos que identifiquen directamente al usuario.<\/p>\n\n\n\n<p>El usuario siempre puede desactivar las <em>cookies<\/em> cambiando la configuraci\u00f3n del navegador, pero dicha desactivaci\u00f3n puede ralentizar o impedir el acceso a determinadas secciones de la p\u00e1gina.<\/p>\n\n\n\n<p>De hecho, las <em>cookies<\/em> son necesarias para el uso del sitio web y de sus servicios, incluida la compra de cualquier producto. Si se desactivan, Agricola Lusia Group S.r.l. no puede garantizar el almacenamiento y la visualizaci\u00f3n de los productos elegidos durante el proceso de compra por internet, ni la inclusi\u00f3n de uno o m\u00e1s art\u00edculos en la cesta de la compra.<\/p>\n\n\n\n<p><strong>Cambiar la configuraci\u00f3n del navegador<\/strong><a href=\"#_msocom_1\">[1]<\/a>&nbsp;<\/p>\n\n\n\n<p>Por lo general, se puede modificar f\u00e1cilmente la configuraci\u00f3n del navegador siguiendo el procedimiento que se explica a continuaci\u00f3n:<\/p>\n\n\n\n<ul>\n<li>seleccione \u00abOpciones de Internet\u00bb o \u00abPreferencias\u00bb en el men\u00fa \u00abHerramientas\u00bb, \u00abVer\u00bb o \u00abEditar\u00bb;<\/li>\n\n\n\n<li>seleccione \u00abPrivacidad\u00bb, \u00abSeguridad\u00bb o \u00abDescargar archivos\u00bb y elija la configuraci\u00f3n que prefiera.<\/li>\n<\/ul>\n\n\n\n<p>Tambi\u00e9n se pueden encontrar m\u00e1s instrucciones en la p\u00e1gina web del navegador utilizado por el usuario.<\/p>\n\n\n\n<h4 class=\"wp-block-heading\"><strong>2 - <em>Cookies<\/em> utilizadas para el an\u00e1lisis agregado de las visitas al sitio web<\/strong><\/h4>\n\n\n\n<p>Agricola Lusia Group S.r.l., en calidad de Responsable del tratamiento de datos, hacemos uso de herramientas para el an\u00e1lisis agregado de los datos de navegaci\u00f3n con el fin de mejorar el sitio web (Google Analytics). En particular, Google Analytics, un sistema proporcionado por Google Inc., utiliza <em>cookies<\/em> temporales que se depositan en el ordenador del usuario para permitir al operador del sitio web analizar c\u00f3mo los usuarios hacen uso de este. Estas <em>cookies<\/em> se utilizan para almacenar informaci\u00f3n como, por ejemplo, la hora de la visita actual, cualquier visita anterior al sitio web por parte del mismo usuario y la p\u00e1gina web que remiti\u00f3 al usuario a dicho sitio web. Google no utiliza esta informaci\u00f3n para enviar publicidad personalizada. En ning\u00fan caso los navegadores comparten <em>cookies<\/em> propias entre diferentes dominios.<\/p>\n\n\n\n<p>Para m\u00e1s informaci\u00f3n <a href=\"http:\/\/www.google.com\/intl\/it_it\/policies\/technologies\/ads\/\">http:\/\/www.google.com\/intl\/it_it\/policies\/technologies\/ads\/<\/a>.<\/p>\n\n\n\n<p>El usuario puede desactivar, parcial o totalmente, el uso de <em>cookies<\/em> por parte de Google entrando en https:\/\/www.google.it\/ads\/preferences y https:\/\/www.google.it\/settings\/ads\/onweb.<\/p>\n\n\n\n<h3 class=\"wp-block-heading\"><strong>Otras <em>cookies<\/em> de terceros<\/strong><\/h3>\n\n\n\n<p>Al visitar la p\u00e1gina web, es posible que observe informaci\u00f3n no perteneciente a esta, sino a una empresa de terceros que puede enviar sus propias <em>cookies<\/em>. Asimismo, si comparte contenidos con sus amigos a trav\u00e9s de redes sociales, como Facebook o Twitter, es posible que estos sitios le env\u00eden sus propias <em>cookies<\/em>.<br>Es importante que sepa que no tenemos acceso ni control sobre las <em>cookies<\/em> utilizadas por estas empresas o p\u00e1ginas de terceros. Le sugerimos que consulte los sitios web de terceros para obtener m\u00e1s informaci\u00f3n sobre sus pol\u00edticas de uso de <em>cookies<\/em>.<\/p>\n\n\n\n<h3 class=\"wp-block-heading\"><strong>Gesti\u00f3n de las <em>cookies<\/em><\/strong><\/h3>\n\n\n\n<p>Las <em>cookies<\/em> permiten disfrutar de determinadas funciones esenciales de nuestro sitio web. Si se desactivan o eliminan, algunas de estas funciones no se ejecutar\u00e1n correctamente.<\/p>\n\n\n\n<p>El men\u00fa \u00abAyuda\u00bb presente en la mayor\u00eda de los navegadores describe c\u00f3mo activar o desactivar nuevas <em>cookies<\/em> y c\u00f3mo recibir notificaciones al respecto. Tambi\u00e9n se pueden desactivar o eliminar datos similares utilizados por los complementos del navegador, como las <em>cookies flash<\/em>, cambiando la configuraci\u00f3n correspondiente o visitando el sitio web del fabricante.<br>Si utiliza un PC, haga clic en \u00abAyuda\u00bb en la parte superior de la ventana del navegador y seleccione la opci\u00f3n \u00abInformaci\u00f3n\u00bb.<\/p>\n\n\n\n<p>Si utiliza un Mac, con la ventana del navegador abierta, haga clic en el men\u00fa Apple y seleccione la opci\u00f3n <a>\u00abQui\u00e9nes somos\u00bb.<\/a><a href=\"#_msocom_2\">[2]<\/a>&nbsp;<\/p>\n\n\n\n<p>Para las <em>cookies flash<\/em> (o <em>Local Shared Object<\/em>): el sitio web de Adobe ofrece informaci\u00f3n completa sobre c\u00f3mo eliminar o desactivar las <em>cookies flash<\/em>, v\u00e9ase: <a href=\"http:\/\/www.adobe.com\/security\/flashplayer\/\">http:\/\/www.adobe.com\/security\/flashplayer\/<\/a>.<\/p>\n\n\n\n<p><em>Cookies<\/em> de terceros: si no desea recibir <em>cookies<\/em> de terceros, utilice la herramienta que ofrecen los miembros de la Network Advertising Initiative (NAI), v\u00e9ase: <a href=\"http:\/\/www.networkadvertising.org\/managing\/opt_out.asp\">http:\/\/www.networkadvertising.org\/managing\/opt_out.asp<\/a>.<\/p>\n\n\n\n<p>Si no desea recibir las <em>cookies<\/em> creadas al compartir el contenido del sitio web a trav\u00e9s de redes sociales, como Facebook o Twitter, vaya al sitio web para obtener m\u00e1s informaci\u00f3n sobre su pol\u00edtica de uso y gesti\u00f3n de <em>cookies<\/em>.<\/p>\n\n\n\n<p>Para m\u00e1s informaci\u00f3n sobre las <em>cookies<\/em> de terceros y c\u00f3mo no recibirlas, consulte www.allaboutcookies.org y <a href=\"http:\/\/www.youronlinechoices.eu\/\">www.youronlinechoices.eu<\/a>.<\/p>\n\n\n\n<p>Nota: nuestra Pol\u00edtica de <em>Cookies<\/em> est\u00e1 en constante evoluci\u00f3n y actualizaci\u00f3n. Por lo tanto, los usuarios pueden consultarla siempre que quieran en su versi\u00f3n m\u00e1s reciente en esta secci\u00f3n.<\/p>\n\n\n\n<h4 class=\"wp-block-heading\"><strong>Pol\u00edtica de conformidad con los arts. 13 y 14 del Reglamento (UE) 2016\/679 - Reglamento general de protecci\u00f3n de datos<\/strong><\/h4>\n\n\n\n<p>La presente pol\u00edtica describe los m\u00e9todos de gesti\u00f3n del sitio web en lo que respecta al tratamiento de los datos personales de los visitantes, identificados o identificables, que lo consultan e interact\u00faan con \u00e9l.<\/p>\n\n\n\n<p>Esta pol\u00edtica se aplica exclusivamente al sitio web y no a otros sitios web externos que el usuario puede consultar a trav\u00e9s de enlaces. Estos son responsables independientes del tratamiento de los datos personales.<\/p>\n\n\n\n<p>El Responsable del tratamiento de datos es Agricola Lusia Group S.r.l., con domicilio social en Corso Stati Uniti, 50, 35127 (PD) (Italia).<\/p>\n\n\n\n<p><em>Fines y m\u00e9todos de recogida y tratamiento de datos<\/em><\/p>\n\n\n\n<p>Los datos se recoger\u00e1n y registrar\u00e1n para:<\/p>\n\n\n\n<ol>\n<li>fines necesarios para la consulta del sitio;<\/li>\n\n\n\n<li>fines institucionales, relacionados o instrumentales con la actividad del Responsable del tratamiento y de las empresas vinculadas;<\/li>\n\n\n\n<li>actividades promocionales e informaci\u00f3n comercial, venta directa de servicios y\/o productos comerciales del mercado empresarial, incluido el env\u00edo de correos electr\u00f3nicos, folletos publicitarios y\/o revistas (se requerir\u00e1 el consentimiento);<\/li>\n\n\n\n<li>an\u00e1lisis estad\u00edstico;<\/li>\n\n\n\n<li>actividades necesarias para el establecimiento y\/o ejecuci\u00f3n y\/o conclusi\u00f3n de una relaci\u00f3n comercial o contractual establecida o en proceso;<\/li>\n<\/ol>\n\n\n\n<p>tanto manualmente como mediante dispositivos automatizados. El tratamiento de los datos personales proporcionados o, por el contrario, adquiridos en el ejercicio de nuestra actividad, podr\u00e1 ser efectuado por personas f\u00edsicas o jur\u00eddicas, en Italia o en el extranjero, que, en nombre de nuestra empresa y\/o en inter\u00e9s de esta, presten servicios o actividades relacionadas, instrumentales o complementarias a la actividad de nuestra empresa.<\/p>\n\n\n\n<p><em>Tipos de datos tratados<\/em><\/p>\n\n\n\n<p>Datos de navegaci\u00f3n: los sistemas inform\u00e1ticos y los procedimientos del <em>software<\/em> encargados del funcionamiento de este sitio web recopilan, durante su funcionamiento normal, algunos datos personales cuya transmisi\u00f3n est\u00e1 impl\u00edcita en el uso de los protocolos de comunicaci\u00f3n en Internet. Esta informaci\u00f3n no se recoge para asociarla a interesados identificados, sino que, por su propia naturaleza, podr\u00eda permitir identificar a los usuarios mediante su tratamiento y asociaci\u00f3n con datos en poder de terceros. Estos datos se recogen con el \u00fanico objetivo de obtener informaci\u00f3n estad\u00edstica an\u00f3nima sobre el uso del sitio web y comprobar su correcto funcionamiento. En caso de posibles delitos inform\u00e1ticos en perjuicio del sitio web, los datos podr\u00edan utilizarse para determinar responsabilidades.<\/p>\n\n\n\n<p>Datos facilitados voluntariamente por el usuario: el env\u00edo facultativo, expl\u00edcito y voluntario del correo electr\u00f3nico a las direcciones indicadas en este sitio web o la cumplimentaci\u00f3n de formularios de contacto conlleva la posterior adquisici\u00f3n de la direcci\u00f3n del remitente, necesaria para responder a las solicitudes, as\u00ed como de cualquier otro dato personal incluido en el mensaje. Los res\u00famenes de informaci\u00f3n detallada se comunicar\u00e1n o mostrar\u00e1n progresivamente en las p\u00e1ginas del sitio web configuradas para servicios particulares bajo demanda.<\/p>\n\n\n\n<p><em>Cookies<\/em>: las <em>cookies<\/em> no se utilizan para la transmisi\u00f3n de informaci\u00f3n personal, ni se utilizan sistemas de rastreo de los usuarios. Cualquier uso de <em>cookies<\/em> para facilitar y personalizar la navegaci\u00f3n se limitar\u00e1 eventual y estrictamente a la transmisi\u00f3n de identificadores de sesi\u00f3n (consistentes en n\u00fameros aleatorios generados por el servidor) necesarios para permitir la navegaci\u00f3n segura y eficiente del sitio web.<\/p>\n\n\n\n<p><em>Derechos del Interesado<\/em><\/p>\n\n\n\n<p>Los Usuarios pueden ejercer determinados derechos previstos en los art\u00edculos 15, 16, 17, 18 y 20 del Reglamento (UE) 2016\/679 en relaci\u00f3n al tratamiento de los datos por parte del Responsable.<\/p>\n\n\n\n<p>En particular, el Usuario tiene derecho a:<\/p>\n\n\n\n<ul>\n<li>revocar el consentimiento en cualquier momento. El Usuario podr\u00e1 revocar su consentimiento previamente expresado para el tratamiento de sus Datos Personales;<\/li>\n\n\n\n<li>oponerse al tratamiento de sus Datos. El Usuario puede oponerse al tratamiento de sus Datos cuando se realice sobre una base jur\u00eddica distinta del consentimiento. En la siguiente secci\u00f3n se indican m\u00e1s detalles sobre el derecho de oposici\u00f3n;<\/li>\n\n\n\n<li>acceder a sus datos. El Usuario tiene derecho a obtener informaci\u00f3n sobre los Datos tratados por el Responsable, as\u00ed como sobre determinados aspectos del tratamiento y a recibir una copia de los Datos tratados;<\/li>\n\n\n\n<li>verificar y solicitar su rectificaci\u00f3n. El Usuario podr\u00e1 verificar la exactitud de sus Datos y solicitar su actualizaci\u00f3n o correcci\u00f3n;<\/li>\n\n\n\n<li>limitar el tratamiento de los datos. Cuando se cumplan determinadas condiciones, el Usuario podr\u00e1 solicitar la limitaci\u00f3n del tratamiento de sus Datos. En ese caso, el Responsable no procesar\u00e1 los Datos para ning\u00fan otro finque no sea su almacenamiento;<\/li>\n\n\n\n<li>solicitar la supresi\u00f3n o eliminaci\u00f3n de sus Datos Personales. Cuando se cumplan determinadas condiciones, el Usuario podr\u00e1 solicitar al Responsable la supresi\u00f3n total de sus Datos (derecho al olvido);<\/li>\n\n\n\n<li>recibir sus Datos o transferirlos a otro Responsable. El Usuario tiene derecho a recibir sus datos en un formato estructurado, de uso com\u00fan y legible por m\u00e1quina y, cuando sea t\u00e9cnicamente viable, a que se transfieran sin obst\u00e1culos a otro Responsable. Esta disposici\u00f3n es aplicable cuando los Datos se procesan por dispositivos automatizados y el tratamiento se basa en el consentimiento del Usuario, en un contrato del que el Usuario es parte o en medidas contractuales relacionadas con este;<\/li>\n\n\n\n<li>presentar una reclamaci\u00f3n. El Usuario podr\u00e1 presentar una reclamaci\u00f3n ante la autoridad de control competente en materia de protecci\u00f3n de datos o emprender acciones legales.<\/li>\n<\/ul>\n\n\n\n<h4 class=\"wp-block-heading\"><strong>Detalles sobre el derecho de oposici\u00f3n<\/strong><\/h4>\n\n\n\n<p>Cuando los Datos Personales se traten en inter\u00e9s p\u00fablico, en el ejercicio de poderes p\u00fablicos conferidos al Responsable o para satisfacer un inter\u00e9s leg\u00edtimo del Responsable, los Usuarios tendr\u00e1n derecho a oponerse al tratamiento de datos por motivos relacionados con su situaci\u00f3n particular.<\/p>\n\n\n\n<p>Se recuerda a los Usuarios que, en caso de que sus Datos sean tratados con fines de <em>marketing<\/em> directo, podr\u00e1n oponerse al tratamiento sin necesidad de justificaci\u00f3n. Para saber si el Responsable procesa los datos con fines de <em>marketing<\/em> directo, los Usuarios pueden consultar las secciones correspondientes de este documento.<\/p>\n\n\n\n<h4 class=\"wp-block-heading\"><strong>C\u00f3mo ejercer los derechos del Usuario<\/strong><\/h4>\n\n\n\n<p>Para ejercer sus derechos, los Usuarios pueden dirigir una solicitud a los datos de contacto del Responsable del tratamiento indicados en este documento. Las solicitudes se presentar\u00e1n gratuitamente y ser\u00e1n tramitadas por el Responsable del tratamiento lo antes posible, en cualquier caso en el plazo de un mes.<\/p>\n\n\n\n<h2 class=\"wp-block-heading\"><strong>RESPONSABLE DEL TRATAMIENTO<\/strong><\/h2>\n\n\n\n<h4 class=\"wp-block-heading\"><strong>Agricola Lusia Group S.r.l.<\/strong><\/h4>\n\n\n\n<p>Corso Stati Uniti 50<\/p>\n\n\n\n<p>35127 Padua (Italia)<\/p>\n\n\n\n<p>Uff. Reg. Imp. PD, Cod. Fisc. e P.IVA 05607010286<br>REA n\u00b0 313770 CCIAA Padua<\/p>\n\n\n\n<p>Tel\u00e9fono: (+39) 0422 262326<\/p>\n\n\n\n<p>Correo electr\u00f3nico: <a href=\"mailto:info@agricolalusiatreviso.it\">info@agricolalusiatreviso.it<\/a><\/p>\n\n\n\n<h4 class=\"wp-block-heading\"><strong>Informaci\u00f3n adicional acerca del tratamiento de datos<\/strong><\/h4>\n\n\n\n<p>Agricola Lusia Group S.r.l. protege la confidencialidad de los datos personales tratados, gui\u00e1ndose por los principios de legalidad y transparencia, y asumiendo como compromiso fundamental la protecci\u00f3n de la informaci\u00f3n que, por diversos motivos, es procesada.<\/p>\n\n\n\n<p>Nuestra empresa considera el correcto tratamiento de los datos un elemento fundamental para mantener los altos niveles de calidad que siempre nos han distinguido.<\/p>\n\n\n\n<p>A continuaci\u00f3n figuran las pol\u00edticas que contempla la legislaci\u00f3n vigente en relaci\u00f3n con las distintas categor\u00edas de interesados y su tratamiento correspondiente:<\/p>\n\n\n\n<ul>\n<li>pol\u00edtica para los candidatos<\/li>\n\n\n\n<li>pol\u00edtica para colaboradores<\/li>\n\n\n\n<li>pol\u00edtica para proveedores<\/li>\n\n\n\n<li>pol\u00edtica para clientes<\/li>\n<\/ul>\n\n\n\n<p><a id=\"_msocom_1\"><\/a><\/p>\n","protected":false},"excerpt":{"rendered":"<p>Le proporcionamos esta informaci\u00f3n para cumplir nuestro compromiso de notificarle los cambios recientes en la legislaci\u00f3n y ofrecerle claridad con respecto a la privacidad en nuestro sitio web. Nuestro sitio web utiliza cookies y archivos similares a estas. Las cookies realizan diferentes tareas: permiten navegar eficazmente entre p\u00e1ginas, recordar sus preferencias y mejorar la experiencia [&hellip;]<\/p>\n","protected":false},"author":1,"featured_media":0,"parent":0,"menu_order":0,"comment_status":"closed","ping_status":"closed","template":"","meta":{"footnotes":""},"_links":{"self":[{"href":"https:\/\/www.agricolalusiatreviso.it\/es\/wp-json\/wp\/v2\/pages\/448"}],"collection":[{"href":"https:\/\/www.agricolalusiatreviso.it\/es\/wp-json\/wp\/v2\/pages"}],"about":[{"href":"https:\/\/www.agricolalusiatreviso.it\/es\/wp-json\/wp\/v2\/types\/page"}],"author":[{"embeddable":true,"href":"https:\/\/www.agricolalusiatreviso.it\/es\/wp-json\/wp\/v2\/users\/1"}],"replies":[{"embeddable":true,"href":"https:\/\/www.agricolalusiatreviso.it\/es\/wp-json\/wp\/v2\/comments?post=448"}],"version-history":[{"count":3,"href":"https:\/\/www.agricolalusiatreviso.it\/es\/wp-json\/wp\/v2\/pages\/448\/revisions"}],"predecessor-version":[{"id":523,"href":"https:\/\/www.agricolalusiatreviso.it\/es\/wp-json\/wp\/v2\/pages\/448\/revisions\/523"}],"wp:attachment":[{"href":"https:\/\/www.agricolalusiatreviso.it\/es\/wp-json\/wp\/v2\/media?parent=448"}],"curies":[{"name":"wp","href":"https:\/\/api.w.org\/{rel}","templated":true}]}}